{"id":11,"date":"2016-03-03T14:15:02","date_gmt":"2016-03-03T13:15:02","guid":{"rendered":"http:\/\/wp.rapscript.de\/?page_id=11"},"modified":"2024-07-17T15:55:00","modified_gmt":"2024-07-17T13:55:00","slug":"home","status":"publish","type":"page","link":"https:\/\/rapscript.net\/de\/","title":{"rendered":"Worte und Beats zum Freestylen"},"content":{"rendered":"\n<p>RapScript bietet dir endlose M\u00f6glichkeiten f\u00fcr deine Freestyle Raps. Lass dich inspirieren f\u00fcr neue Reime, Wortspiele, Punchlines und Geschichten, wenn du versuchst alle Worte einzubauen. RapScript ist das perfekte Werkzeug, um geistig warmzuwerden oder der Crowd zu zeigen, was echter Freestyle ist: Hau die Worte live an die Wand bei deinem Livegig oder der n\u00e4chsten Cypher. Connecte dich mit anderen Freestylern im RapScript Chat und check die Beats im Player.<\/p>\n\n\n\n<p>Erweitere deinen Wortschatz mit Worten, die du noch nie geh\u00f6rt hast. Wir haben verschiedene Level f\u00fcr jeden, vom Anf\u00e4nger bis zum Profi. Zeig deine Rapskills und beweise, dass du ein echter Freestyler bist. Fordere deine Freude heraus oder benutze den Wortgenerator live im Fullscreen bei deinem n\u00e4chsten Auftritt oder in der Cypher.<\/p>\n\n\n\n<ul class=\"wp-block-list\">\n<li>automatisch neue <strong>Worte alle 2 bis 12 Sekunden<\/strong><\/li>\n\n\n\n<li><strong>weltweit synchron<\/strong> perfekt f\u00fcr Cyphers online z.B. bei Discord und Twitch<\/li>\n\n\n\n<li><strong>17 Sprachen<\/strong>: Deutsch, Englisch, Spanisch, Franz\u00f6sisch, Italienisch, Portugiesisch, Niederl\u00e4ndisch, D\u00e4nisch, Russisch, Bulgarisch, Rum\u00e4nisch, Ukrainisch, Polnisch, Tschechisch, Slowakisch, Slowenisch und Japanisch<\/li>\n\n\n\n<li><strong>3 Level<\/strong>: Anf\u00e4nger, Fortgeschrittene und Pros<\/li>\n<\/ul>\n","protected":false},"excerpt":{"rendered":"<p>RapScript bietet dir endlose M\u00f6glichkeiten f\u00fcr deine Freestyle Raps. Lass dich inspirieren f\u00fcr neue Reime, Wortspiele, Punchlines und Geschichten, wenn du versuchst alle Worte einzubauen. RapScript ist das perfekte Werkzeug, um geistig warmzuwerden oder der Crowd zu zeigen, was echter Freestyle ist: Hau die Worte live an die Wand bei deinem Livegig oder der n\u00e4chsten [&hellip;]<\/p>\n","protected":false},"author":1,"featured_media":136,"parent":0,"menu_order":0,"comment_status":"closed","ping_status":"closed","template":"frontpage.php","meta":{"_acf_changed":false,"footnotes":""},"class_list":["post-11","page","type-page","status-publish","has-post-thumbnail","hentry"],"acf":[],"_links":{"self":[{"href":"https:\/\/rapscript.net\/de\/wp-json\/wp\/v2\/pages\/11","targetHints":{"allow":["GET"]}}],"collection":[{"href":"https:\/\/rapscript.net\/de\/wp-json\/wp\/v2\/pages"}],"about":[{"href":"https:\/\/rapscript.net\/de\/wp-json\/wp\/v2\/types\/page"}],"author":[{"embeddable":true,"href":"https:\/\/rapscript.net\/de\/wp-json\/wp\/v2\/users\/1"}],"replies":[{"embeddable":true,"href":"https:\/\/rapscript.net\/de\/wp-json\/wp\/v2\/comments?post=11"}],"version-history":[{"count":27,"href":"https:\/\/rapscript.net\/de\/wp-json\/wp\/v2\/pages\/11\/revisions"}],"predecessor-version":[{"id":696,"href":"https:\/\/rapscript.net\/de\/wp-json\/wp\/v2\/pages\/11\/revisions\/696"}],"wp:featuredmedia":[{"embeddable":true,"href":"https:\/\/rapscript.net\/de\/wp-json\/wp\/v2\/media\/136"}],"wp:attachment":[{"href":"https:\/\/rapscript.net\/de\/wp-json\/wp\/v2\/media?parent=11"}],"curies":[{"name":"wp","href":"https:\/\/api.w.org\/{rel}","templated":true}]}}