{"id":636,"date":"2019-01-08T11:45:01","date_gmt":"2019-01-08T10:45:01","guid":{"rendered":"https:\/\/rapscript.net\/random-words-to-freestyle\/"},"modified":"2024-07-16T20:56:11","modified_gmt":"2024-07-16T18:56:11","slug":"random-words-to-freestyle","status":"publish","type":"page","link":"https:\/\/rapscript.net\/es\/","title":{"rendered":"Palabras al azar al estilo libre"},"content":{"rendered":"\n<p>RapScript te ofrece un sinf\u00edn de inspiraci\u00f3n para tus raps de estilo libre. Utiliza<br>esta herramienta para mejorar tus habilidades de rap: busca nuevas rimas, juegos de palabras<br>punchlines o cuenta una historia con todas las palabras. RapScript es la herramienta<br>ideal para el pr\u00f3ximo concurso de rap o batalla de estilo libre. Conecta con la<br>comunidad freestyle y conoce a otros Mcs en el chat de RapScript.<\/p>\n\n\n\n<p>Crea historias locas y ampl\u00eda tu vocabulario con palabras que nunca hab\u00edas o\u00eddo.<br>Palabras que nunca hab\u00edas o\u00eddo. Mejora tus letras y s\u00e9 m\u00e1s creativo. Tenemos<br>niveles para todos, desde principiantes hasta profesionales. Presenta tus habilidades y demuestra<br>que eres un aut\u00e9ntico freestyler. Desaf\u00eda a tus amigos o usa RapScript en<br>pantalla completa en tu pr\u00f3ximo concierto en vivo o cypher.<\/p>\n\n\n\n<ul class=\"wp-block-list\">\n<li>Cambio autom\u00e1tico de palabras a <strong>intervalos<\/strong> personalizados de 2 a 12 segundos.<\/li>\n\n\n\n<li><strong>Sincr\u00f3nico<\/strong> en todo el mundo &#8211; hecho para el rap freestyle en cyphers online con Twitch y Discord<\/li>\n\n\n\n<li><strong>17 idiomas<\/strong>: Espa\u00f1ol, alem\u00e1n, ingl\u00e9s, espa\u00f1ol, franc\u00e9s, italiano, portugu\u00e9s, holand\u00e9s, dan\u00e9s, ruso, b\u00falgaro, rumano, ucraniano, polaco, checo, eslovaco, esloveno y japon\u00e9s.<\/li>\n\n\n\n<li><strong>3 niveles<\/strong>: principiante, avanzado y profesional<\/li>\n<\/ul>\n","protected":false},"excerpt":{"rendered":"<p>RapScript te ofrece un sinf\u00edn de inspiraci\u00f3n para tus raps de estilo libre. Utilizaesta herramienta para mejorar tus habilidades de rap: busca nuevas rimas, juegos de palabraspunchlines o cuenta una historia con todas las palabras. RapScript es la herramientaideal para el pr\u00f3ximo concurso de rap o batalla de estilo libre. Conecta con lacomunidad freestyle y [&hellip;]<\/p>\n","protected":false},"author":1,"featured_media":639,"parent":0,"menu_order":0,"comment_status":"closed","ping_status":"closed","template":"frontpage.php","meta":{"_acf_changed":false,"footnotes":""},"class_list":["post-636","page","type-page","status-publish","has-post-thumbnail","hentry"],"acf":[],"_links":{"self":[{"href":"https:\/\/rapscript.net\/es\/wp-json\/wp\/v2\/pages\/636","targetHints":{"allow":["GET"]}}],"collection":[{"href":"https:\/\/rapscript.net\/es\/wp-json\/wp\/v2\/pages"}],"about":[{"href":"https:\/\/rapscript.net\/es\/wp-json\/wp\/v2\/types\/page"}],"author":[{"embeddable":true,"href":"https:\/\/rapscript.net\/es\/wp-json\/wp\/v2\/users\/1"}],"replies":[{"embeddable":true,"href":"https:\/\/rapscript.net\/es\/wp-json\/wp\/v2\/comments?post=636"}],"version-history":[{"count":6,"href":"https:\/\/rapscript.net\/es\/wp-json\/wp\/v2\/pages\/636\/revisions"}],"predecessor-version":[{"id":653,"href":"https:\/\/rapscript.net\/es\/wp-json\/wp\/v2\/pages\/636\/revisions\/653"}],"wp:featuredmedia":[{"embeddable":true,"href":"https:\/\/rapscript.net\/es\/wp-json\/wp\/v2\/media\/639"}],"wp:attachment":[{"href":"https:\/\/rapscript.net\/es\/wp-json\/wp\/v2\/media?parent=636"}],"curies":[{"name":"wp","href":"https:\/\/api.w.org\/{rel}","templated":true}]}}