{"id":662,"date":"2019-01-08T11:45:01","date_gmt":"2019-01-08T10:45:01","guid":{"rendered":"https:\/\/rapscript.net\/random-words-to-freestyle\/"},"modified":"2024-07-17T12:09:46","modified_gmt":"2024-07-17T10:09:46","slug":"random-words-to-freestyle","status":"publish","type":"page","link":"https:\/\/rapscript.net\/fr\/","title":{"rendered":"Mots al\u00e9atoires pour le freestyle"},"content":{"rendered":"\n<p>RapScript vous apporte une inspiration infinie pour vos raps freestyle. Utilisez cet outil pour am\u00e9liorer vos talents de rappeur : cherchez de nouvelles rimes, des jeux de mots, des punchlines ou racontez une histoire avec tous les mots. RapScript est l&rsquo;outil d&rsquo;entra\u00eenement id\u00e9al pour la prochaine cypher ou battle de rap freestyle. Connecte-toi \u00e0 la communaut\u00e9 freestyle et rencontre d&rsquo;autres Mcs dans le chat RapScript.<\/p>\n\n\n\n<p>Cr\u00e9ez des histoires folles et \u00e9largissez votre vocabulaire avec des mots que vous n&rsquo;avez jamais entendus auparavant. Am\u00e9liorez vos paroles et devenez plus cr\u00e9atif. Nous avons des niveaux pour tout le monde, des d\u00e9butants aux pros. Montre tes talents et prouve que tu es un vrai freestyler. D\u00e9fie tes amis ou utilise RapScript en plein \u00e9cran lors de ton prochain concert ou cypher.<\/p>\n\n\n\n<ul class=\"wp-block-list\">\n<li>Changement de mot automatique \u00e0 des <strong>intervalles personnalis\u00e9s de 2 \u00e0 12 secondes<\/strong><\/li>\n\n\n\n<li><strong>Synchrone dans le monde entier<\/strong> &#8211; con\u00e7u pour le rap freestyle dans les cyphers en ligne<\/li>\n\n\n\n<li><strong>17 langues<\/strong> : allemand, anglais, espagnol, fran\u00e7ais, italien, portugais, n\u00e9erlandais, danois, russe, bulgare, roumain, ukrainien, polonais, tch\u00e8que, slovaque, slov\u00e8ne et japonais<\/li>\n\n\n\n<li><strong>3 niveaux<\/strong> : d\u00e9butant, avanc\u00e9 et pro<\/li>\n<\/ul>\n","protected":false},"excerpt":{"rendered":"<p>RapScript vous apporte une inspiration infinie pour vos raps freestyle. Utilisez cet outil pour am\u00e9liorer vos talents de rappeur : cherchez de nouvelles rimes, des jeux de mots, des punchlines ou racontez une histoire avec tous les mots. RapScript est l&rsquo;outil d&rsquo;entra\u00eenement id\u00e9al pour la prochaine cypher ou battle de rap freestyle. Connecte-toi \u00e0 la [&hellip;]<\/p>\n","protected":false},"author":1,"featured_media":665,"parent":0,"menu_order":0,"comment_status":"closed","ping_status":"closed","template":"frontpage.php","meta":{"_acf_changed":false,"footnotes":""},"class_list":["post-662","page","type-page","status-publish","has-post-thumbnail","hentry"],"acf":[],"_links":{"self":[{"href":"https:\/\/rapscript.net\/fr\/wp-json\/wp\/v2\/pages\/662","targetHints":{"allow":["GET"]}}],"collection":[{"href":"https:\/\/rapscript.net\/fr\/wp-json\/wp\/v2\/pages"}],"about":[{"href":"https:\/\/rapscript.net\/fr\/wp-json\/wp\/v2\/types\/page"}],"author":[{"embeddable":true,"href":"https:\/\/rapscript.net\/fr\/wp-json\/wp\/v2\/users\/1"}],"replies":[{"embeddable":true,"href":"https:\/\/rapscript.net\/fr\/wp-json\/wp\/v2\/comments?post=662"}],"version-history":[{"count":2,"href":"https:\/\/rapscript.net\/fr\/wp-json\/wp\/v2\/pages\/662\/revisions"}],"predecessor-version":[{"id":675,"href":"https:\/\/rapscript.net\/fr\/wp-json\/wp\/v2\/pages\/662\/revisions\/675"}],"wp:featuredmedia":[{"embeddable":true,"href":"https:\/\/rapscript.net\/fr\/wp-json\/wp\/v2\/media\/665"}],"wp:attachment":[{"href":"https:\/\/rapscript.net\/fr\/wp-json\/wp\/v2\/media?parent=662"}],"curies":[{"name":"wp","href":"https:\/\/api.w.org\/{rel}","templated":true}]}}