{"id":682,"date":"2019-01-08T11:45:01","date_gmt":"2019-01-08T10:45:01","guid":{"rendered":"https:\/\/rapscript.net\/random-words-to-freestyle\/"},"modified":"2024-07-17T20:06:30","modified_gmt":"2024-07-17T18:06:30","slug":"random-words-to-freestyle","status":"publish","type":"page","link":"https:\/\/rapscript.net\/pt-pt\/","title":{"rendered":"Palavras e batidas para freestyle"},"content":{"rendered":"\n<p>O RapScript oferece-lhe possibilidades infinitas para os seus raps de estilo livre. Inspire-se em novas rimas, trocadilhos, punchlines e hist\u00f3rias enquanto tenta incorporar todas as palavras. O RapScript \u00e9 a ferramenta perfeita para se aquecer mentalmente ou para mostrar ao p\u00fablico o que \u00e9 o verdadeiro freestyle: acertar as palavras ao vivo na parede no seu concerto ao vivo ou no seu pr\u00f3ximo cypher. Ligue-se a outros freestylers no chat do RapScript e veja as batidas no leitor.<\/p>\n\n\n\n<p>Expande o teu vocabul\u00e1rio com palavras que nunca ouviste antes. Temos diferentes n\u00edveis para todos, desde principiantes a profissionais. Mostra as tuas capacidades de rap e prova que \u00e9s um verdadeiro freestyler. Desafia a tua alegria ou utiliza o gerador de palavras ao vivo em ecr\u00e3 inteiro na tua pr\u00f3xima atua\u00e7\u00e3o, ou no Cypher.<\/p>\n\n\n\n<ul class=\"wp-block-list\">\n<li>palavras novas automaticamente <strong>a cada 2 a 12 segundos<\/strong><\/li>\n\n\n\n<li><strong>sincroniza\u00e7\u00e3o mundial <\/strong>perfeita para cyphers online, por exemplo, atrav\u00e9s do Discord e Twitch<\/li>\n\n\n\n<li><strong>17 l\u00ednguas<\/strong>: alem\u00e3o, ingl\u00eas, espanhol, franc\u00eas, italiano, portugu\u00eas, holand\u00eas, dinamarqu\u00eas, russo, b\u00falgaro, romeno, ucraniano, polaco, checo, eslovaco, esloveno e japon\u00eas<\/li>\n\n\n\n<li><strong>3 n\u00edveis<\/strong>: principiantes, avan\u00e7ados e profissionais<\/li>\n<\/ul>\n","protected":false},"excerpt":{"rendered":"<p>O RapScript oferece-lhe possibilidades infinitas para os seus raps de estilo livre. Inspire-se em novas rimas, trocadilhos, punchlines e hist\u00f3rias enquanto tenta incorporar todas as palavras. O RapScript \u00e9 a ferramenta perfeita para se aquecer mentalmente ou para mostrar ao p\u00fablico o que \u00e9 o verdadeiro freestyle: acertar as palavras ao vivo na parede no [&hellip;]<\/p>\n","protected":false},"author":1,"featured_media":685,"parent":0,"menu_order":0,"comment_status":"closed","ping_status":"closed","template":"frontpage.php","meta":{"_acf_changed":false,"footnotes":""},"class_list":["post-682","page","type-page","status-publish","has-post-thumbnail","hentry"],"acf":[],"_links":{"self":[{"href":"https:\/\/rapscript.net\/pt-pt\/wp-json\/wp\/v2\/pages\/682","targetHints":{"allow":["GET"]}}],"collection":[{"href":"https:\/\/rapscript.net\/pt-pt\/wp-json\/wp\/v2\/pages"}],"about":[{"href":"https:\/\/rapscript.net\/pt-pt\/wp-json\/wp\/v2\/types\/page"}],"author":[{"embeddable":true,"href":"https:\/\/rapscript.net\/pt-pt\/wp-json\/wp\/v2\/users\/1"}],"replies":[{"embeddable":true,"href":"https:\/\/rapscript.net\/pt-pt\/wp-json\/wp\/v2\/comments?post=682"}],"version-history":[{"count":5,"href":"https:\/\/rapscript.net\/pt-pt\/wp-json\/wp\/v2\/pages\/682\/revisions"}],"predecessor-version":[{"id":701,"href":"https:\/\/rapscript.net\/pt-pt\/wp-json\/wp\/v2\/pages\/682\/revisions\/701"}],"wp:featuredmedia":[{"embeddable":true,"href":"https:\/\/rapscript.net\/pt-pt\/wp-json\/wp\/v2\/media\/685"}],"wp:attachment":[{"href":"https:\/\/rapscript.net\/pt-pt\/wp-json\/wp\/v2\/media?parent=682"}],"curies":[{"name":"wp","href":"https:\/\/api.w.org\/{rel}","templated":true}]}}